{"id":47,"date":"2019-01-14T18:24:40","date_gmt":"2019-01-14T18:24:40","guid":{"rendered":"http:\/\/widmannconsulting.de\/?page_id=47"},"modified":"2019-01-14T21:27:34","modified_gmt":"2019-01-14T21:27:34","slug":"projektmanagement","status":"publish","type":"page","link":"https:\/\/widmannconsulting.de\/?page_id=47","title":{"rendered":"PROJEKTMANAGEMENT"},"content":{"rendered":"\n\t\t\t\t<img loading=\"lazy\" decoding=\"async\" src=\"https:\/\/widmannconsulting.de\/wp-content\/uploads\/2019\/01\/Real-Estate-Projektmanagement_640-300x200.jpg\" alt=\"Real-Estate Projektmanagement \nTeam\" itemprop=\"image\" height=\"200\" width=\"300\" title=\"Real-Estate-Projektmanagement_640\"  \/>\n\t<p>Jedes Projekt hat seine einzigartigen Elemente. Corporate Real Estate Projekte sind durch den Immobilienbezug charakterisiert. Durch hervorragende Qualit\u00e4t, Termintreue und ein sensitives Gesp\u00fcr f\u00fcr Kosten gestalte ich Projekte und f\u00fchre Sie zum Erfolg.<\/p>\n<p>Ist Ihre Organisation ausgelastet und das Projekt erfordert ein zus\u00e4tzliche Ressource? Fehlt die passende Ressource im Projekt?<\/p>\n<p>Gerne nehme ich die Verantwortung und unterst\u00fctze mit voller Tatkraft f\u00fcr den Erfolg des Projektes.<\/p>\n","protected":false},"excerpt":{"rendered":"<p>Jedes Projekt hat seine einzigartigen Elemente. Corporate Real Estate Projekte sind durch den Immobilienbezug charakterisiert. Durch hervorragende Qualit\u00e4t, Termintreue und ein sensitives Gesp\u00fcr f\u00fcr Kosten gestalte ich Projekte und f\u00fchre Sie zum Erfolg. Ist Ihre Organisation ausgelastet und das Projekt erfordert ein zus\u00e4tzliche Ressource? Fehlt die passende Ressource im Projekt? Gerne nehme ich die Verantwortung <a href=\"https:\/\/widmannconsulting.de\/?page_id=47\" rel=\"nofollow\"><span class=\"sr-only\">Read more about PROJEKTMANAGEMENT<\/span>[&hellip;]<\/a><\/p>\n","protected":false},"author":1,"featured_media":0,"parent":0,"menu_order":0,"comment_status":"closed","ping_status":"closed","template":"","meta":{"footnotes":""},"class_list":["post-47","page","type-page","status-publish","hentry"],"aioseo_notices":[],"_links":{"self":[{"href":"https:\/\/widmannconsulting.de\/index.php?rest_route=\/wp\/v2\/pages\/47","targetHints":{"allow":["GET"]}}],"collection":[{"href":"https:\/\/widmannconsulting.de\/index.php?rest_route=\/wp\/v2\/pages"}],"about":[{"href":"https:\/\/widmannconsulting.de\/index.php?rest_route=\/wp\/v2\/types\/page"}],"author":[{"embeddable":true,"href":"https:\/\/widmannconsulting.de\/index.php?rest_route=\/wp\/v2\/users\/1"}],"replies":[{"embeddable":true,"href":"https:\/\/widmannconsulting.de\/index.php?rest_route=%2Fwp%2Fv2%2Fcomments&post=47"}],"version-history":[{"count":6,"href":"https:\/\/widmannconsulting.de\/index.php?rest_route=\/wp\/v2\/pages\/47\/revisions"}],"predecessor-version":[{"id":107,"href":"https:\/\/widmannconsulting.de\/index.php?rest_route=\/wp\/v2\/pages\/47\/revisions\/107"}],"wp:attachment":[{"href":"https:\/\/widmannconsulting.de\/index.php?rest_route=%2Fwp%2Fv2%2Fmedia&parent=47"}],"curies":[{"name":"wp","href":"https:\/\/api.w.org\/{rel}","templated":true}]}}