{"id":35,"date":"2019-01-14T18:20:22","date_gmt":"2019-01-14T18:20:22","guid":{"rendered":"http:\/\/widmannconsulting.de\/?page_id=35"},"modified":"2019-01-16T11:36:25","modified_gmt":"2019-01-16T11:36:25","slug":"ueber-mich","status":"publish","type":"page","link":"https:\/\/widmannconsulting.de\/?page_id=35","title":{"rendered":"\u00dcBER MICH"},"content":{"rendered":"\n\t\t\t\t<img loading=\"lazy\" decoding=\"async\" src=\"https:\/\/widmannconsulting.de\/wp-content\/uploads\/2019\/01\/IMG_5813-768x1068-233x300.jpg\" alt=\"J\u00fcrgen Widmann\" itemprop=\"image\" height=\"300\" width=\"216\" title=\"J\u00fcrgen Widmann farbe\"  \/>\n\t<p><b><strong>Das k\u00f6nnen Sie von mir erwarten:<\/strong><\/b><\/p>\n<p>Meine Beratungsleistung gestalte ich nach individuellen Kundenanforderungen durch innovative L\u00f6sungsans\u00e4tze mit dem Ziel nachhaltige Optimierungspotentiale zu heben.<\/p>\n<p>Eine Beratung auf Basis vorgefertigter Konzepte und L\u00f6sungen oder ein Fokus auf kurzfristige Einmaleffekte entspricht nicht meiner Vorgehensweise einer verantwortungsvollen und nachhaltigen Beratung.<\/p>\n<p>Eine Ist-Analyse bildet die Grundlage f\u00fcr meinen Beratungsansatz und die konkreten Massnahmenvorschl\u00e4ge. Gemeinsam mit Ihnen erarbeite und definiere ich klare Ziele zur erfolgreichen Umsetzung der passenden Massnahmen f\u00fcr ihre individuelle Situation.\u00a0\u00a0Durch eine laufende \u00dcberpr\u00fcfung wird die Zielerreichung transparent und nachhaltig sichergestellt.<\/p>\n<p>Dabei steht der Kundennutzen immer im Mittelpunkt.<\/p>\n<p>Gerne unterst\u00fctze ich auch w\u00e4hrend der Implementierungsphase der Projekte. Dabei bestimmen Sie den Umfang und die genaue Art der Beratungsleistung.<\/p>\n\t<a name=\u201derfahrunglink\u201d><\/a>\n\t\t\t\t<img loading=\"lazy\" decoding=\"async\" src=\"https:\/\/widmannconsulting.de\/wp-content\/uploads\/2019\/01\/Erfahrungen_640-300x200.jpg\" alt=\"Erfahrungen\" itemprop=\"image\" height=\"200\" width=\"300\" title=\"Erfahrungen\"  \/>\n\t<p><strong>Meine Erfahrungen:<\/strong><\/p>\n<p>15 Jahre Erfahrung als Spezialist f\u00fcr Corporate Real Estate in global aufgestellten Unternehmen (Industrie und Finanzwirtschaft)<\/p>\n<p>Erfolgreicher Abschluss zahlreicher Projekte weltweit im In- und Ausland (Europa, Asien, Nordamerika) als Projekt- und Teilprojektleiter<\/p>\n<p>Integratives\u00a0Stakeholdermanagement \u00fcber alle Organisationsebenen (Senior Executive Management, F\u00fchrungkr\u00e4fte, Mitarbeiter, Mitbestimmungsorgane, Externe Partner)<\/p>\n<p>IT @ Corporate Real Estate:\u00a0 Einf\u00fchrung von CAFM System &amp;\u00a0 Workplace Buchungstool<\/p>\n<p>Verschiedene Due Diligence und Post- Merger Integrationen von Unternehmen in den Bereichen Corporate Real Estate,\u00a0 Informationssicherheit und Datenschutz<\/p>\n<p>Einf\u00fchrung von Desk-Sharing (1.500 Personen an einem Standort)<\/p>\n","protected":false},"excerpt":{"rendered":"<p>Das k\u00f6nnen Sie von mir erwarten: Meine Beratungsleistung gestalte ich nach individuellen Kundenanforderungen durch innovative L\u00f6sungsans\u00e4tze mit dem Ziel nachhaltige Optimierungspotentiale zu heben. Eine Beratung auf Basis vorgefertigter Konzepte und L\u00f6sungen oder ein Fokus auf kurzfristige Einmaleffekte entspricht nicht meiner Vorgehensweise einer verantwortungsvollen und nachhaltigen Beratung. Eine Ist-Analyse bildet die Grundlage f\u00fcr meinen Beratungsansatz und <a href=\"https:\/\/widmannconsulting.de\/?page_id=35\" rel=\"nofollow\"><span class=\"sr-only\">Read more about \u00dcBER MICH<\/span>[&hellip;]<\/a><\/p>\n","protected":false},"author":1,"featured_media":0,"parent":0,"menu_order":0,"comment_status":"closed","ping_status":"closed","template":"","meta":{"footnotes":""},"class_list":["post-35","page","type-page","status-publish","hentry"],"aioseo_notices":[],"_links":{"self":[{"href":"https:\/\/widmannconsulting.de\/index.php?rest_route=\/wp\/v2\/pages\/35","targetHints":{"allow":["GET"]}}],"collection":[{"href":"https:\/\/widmannconsulting.de\/index.php?rest_route=\/wp\/v2\/pages"}],"about":[{"href":"https:\/\/widmannconsulting.de\/index.php?rest_route=\/wp\/v2\/types\/page"}],"author":[{"embeddable":true,"href":"https:\/\/widmannconsulting.de\/index.php?rest_route=\/wp\/v2\/users\/1"}],"replies":[{"embeddable":true,"href":"https:\/\/widmannconsulting.de\/index.php?rest_route=%2Fwp%2Fv2%2Fcomments&post=35"}],"version-history":[{"count":20,"href":"https:\/\/widmannconsulting.de\/index.php?rest_route=\/wp\/v2\/pages\/35\/revisions"}],"predecessor-version":[{"id":164,"href":"https:\/\/widmannconsulting.de\/index.php?rest_route=\/wp\/v2\/pages\/35\/revisions\/164"}],"wp:attachment":[{"href":"https:\/\/widmannconsulting.de\/index.php?rest_route=%2Fwp%2Fv2%2Fmedia&parent=35"}],"curies":[{"name":"wp","href":"https:\/\/api.w.org\/{rel}","templated":true}]}}